{"id":2,"date":"2011-01-23T20:57:35","date_gmt":"2011-01-23T20:57:35","guid":{"rendered":"http:\/\/www.xn--asphalt-schtig-osb.de\/blog\/wordpress\/?page_id=2"},"modified":"2025-02-09T19:47:14","modified_gmt":"2025-02-09T18:47:14","slug":"personell","status":"publish","type":"page","link":"http:\/\/www.xn--asphalt-schtig-osb.de\/blog\/wordpress\/personell\/","title":{"rendered":"H\u00f6chstpers\u00f6nlich!"},"content":{"rendered":"<p><a href=\"http:\/\/www.xn--asphalt-schtig-osb.de\/wp-content\/uploads\/2019\/01\/Blog-Bild.jpg\"><img loading=\"lazy\" decoding=\"async\" class=\"alignright wp-image-3325\" src=\"http:\/\/www.xn--asphalt-schtig-osb.de\/wp-content\/uploads\/2019\/01\/Blog-Bild-300x278.jpg\" alt=\"\" width=\"400\" height=\"371\" srcset=\"http:\/\/www.xn--asphalt-schtig-osb.de\/wp-content\/uploads\/2019\/01\/Blog-Bild-300x278.jpg 300w, http:\/\/www.xn--asphalt-schtig-osb.de\/wp-content\/uploads\/2019\/01\/Blog-Bild-768x712.jpg 768w, http:\/\/www.xn--asphalt-schtig-osb.de\/wp-content\/uploads\/2019\/01\/Blog-Bild-1024x950.jpg 1024w, http:\/\/www.xn--asphalt-schtig-osb.de\/wp-content\/uploads\/2019\/01\/Blog-Bild.jpg 1934w\" sizes=\"auto, (max-width: 400px) 100vw, 400px\" \/><\/a><\/p>\n<p><em>Name:<\/em> Michael Praschak<\/p>\n<p><em>Spitzname:<\/em> Michel<\/p>\n<p><em>Geboren am:<\/em> 14.01.1981<\/p>\n<p><em>Und wo?:<\/em> Bad Langensalza (Th\u00fcr.)<\/p>\n<p><em>Beruf:<\/em> Online Marketing Manager<\/p>\n<p><em>Was ich mag:<\/em> hei\u00dfes Fleisch, warme Reifen, kaltes Bier und! das Rechtsfahrgebot;<\/p>\n<p><em>Was eher nicht:<\/em> Fu\u00dfball<\/p>\n<p><em>Und was h\u00f6ren Sie so?:<\/em> bevorzugt Rock (Alltag) und Elektro (zum Feiern), ich bin aber auch f\u00fcr Jazz zu begeistern;<\/p>\n<p><em>Bisherige Motorr\u00e4der: Triumph Street Triple RS (2020), Suzuki GSX-R 1000 (K7), <\/em>\u00a0Suzuki GSX-R 1000 (K5), Kawasaki ZX &#8211; 10R (ZXT00C), ZX &#8211; 6R (G), Aprilia RS 125 (GS)<\/p>\n<p><em>Auto:<\/em> Peugeot Boxer<\/p>\n<p><em>Und wovon tr\u00e4umen Sie so?:<\/em> Mehr Zeit auf meiner Rennstrecken-R1 (RN32)<\/p>\n","protected":false},"excerpt":{"rendered":"<p>Name: Michael Praschak Spitzname: Michel Geboren am: 14.01.1981 Und wo?: Bad Langensalza (Th\u00fcr.) Beruf: Online Marketing Manager Was ich mag: hei\u00dfes Fleisch, warme Reifen, kaltes Bier und! das Rechtsfahrgebot; Was eher nicht: Fu\u00dfball Und was h\u00f6ren Sie so?: bevorzugt Rock (Alltag) und Elektro (zum Feiern), ich bin aber auch f\u00fcr Jazz zu begeistern; Bisherige Motorr\u00e4der: &hellip; <\/p>\n<p><a class=\"more-link btn\" href=\"http:\/\/www.xn--asphalt-schtig-osb.de\/blog\/wordpress\/personell\/\">Weiterlesen<\/a><\/p>\n","protected":false},"author":1,"featured_media":0,"parent":0,"menu_order":0,"comment_status":"closed","ping_status":"closed","template":"","meta":{"footnotes":""},"class_list":["post-2","page","type-page","status-publish","hentry","nodate","item-wrap"],"_links":{"self":[{"href":"http:\/\/www.xn--asphalt-schtig-osb.de\/blog\/wordpress\/wp-json\/wp\/v2\/pages\/2","targetHints":{"allow":["GET"]}}],"collection":[{"href":"http:\/\/www.xn--asphalt-schtig-osb.de\/blog\/wordpress\/wp-json\/wp\/v2\/pages"}],"about":[{"href":"http:\/\/www.xn--asphalt-schtig-osb.de\/blog\/wordpress\/wp-json\/wp\/v2\/types\/page"}],"author":[{"embeddable":true,"href":"http:\/\/www.xn--asphalt-schtig-osb.de\/blog\/wordpress\/wp-json\/wp\/v2\/users\/1"}],"replies":[{"embeddable":true,"href":"http:\/\/www.xn--asphalt-schtig-osb.de\/blog\/wordpress\/wp-json\/wp\/v2\/comments?post=2"}],"version-history":[{"count":16,"href":"http:\/\/www.xn--asphalt-schtig-osb.de\/blog\/wordpress\/wp-json\/wp\/v2\/pages\/2\/revisions"}],"predecessor-version":[{"id":3823,"href":"http:\/\/www.xn--asphalt-schtig-osb.de\/blog\/wordpress\/wp-json\/wp\/v2\/pages\/2\/revisions\/3823"}],"wp:attachment":[{"href":"http:\/\/www.xn--asphalt-schtig-osb.de\/blog\/wordpress\/wp-json\/wp\/v2\/media?parent=2"}],"curies":[{"name":"wp","href":"https:\/\/api.w.org\/{rel}","templated":true}]}}